{"id":818,"date":"2025-11-05T03:25:19","date_gmt":"2025-11-05T03:25:19","guid":{"rendered":"https:\/\/margen.pe\/?page_id=818"},"modified":"2026-03-16T03:12:19","modified_gmt":"2026-03-16T03:12:19","slug":"aduanas","status":"publish","type":"page","link":"https:\/\/margen.pe\/index.php\/aduanas\/","title":{"rendered":"Aduanas"},"content":{"rendered":"\t\t<div data-elementor-type=\"wp-page\" data-elementor-id=\"818\" class=\"elementor elementor-818\" data-elementor-post-type=\"page\">\n\t\t\t\t\t\t<section class=\"elementor-section elementor-top-section elementor-element elementor-element-1debf611 elementor-section-full_width elementor-section-stretched elementor-section-height-default elementor-section-height-default\" data-id=\"1debf611\" data-element_type=\"section\" data-e-type=\"section\" data-settings=\"{&quot;stretch_section&quot;:&quot;section-stretched&quot;}\">\n\t\t\t\t\t\t<div class=\"elementor-container elementor-column-gap-no\">\n\t\t\t\t\t<div class=\"elementor-column elementor-col-50 elementor-top-column elementor-element elementor-element-281bf70 elementor-invisible\" data-id=\"281bf70\" data-element_type=\"column\" data-e-type=\"column\" data-settings=\"{&quot;animation&quot;:&quot;fadeInLeft&quot;}\">\n\t\t\t<div class=\"elementor-widget-wrap elementor-element-populated\">\n\t\t\t\t\t\t<div class=\"elementor-element elementor-element-3088ef88 elementor-widget elementor-widget-heading\" data-id=\"3088ef88\" data-element_type=\"widget\" data-e-type=\"widget\" data-widget_type=\"heading.default\">\n\t\t\t\t\t<h2 class=\"elementor-heading-title elementor-size-default\">Agencia de Aduanas JG<\/h2>\t\t\t\t<\/div>\n\t\t\t\t<div class=\"elementor-element elementor-element-4b612cbf elementor-widget elementor-widget-text-editor\" data-id=\"4b612cbf\" data-element_type=\"widget\" data-e-type=\"widget\" data-widget_type=\"text-editor.default\">\n\t\t\t\t\t\t\t\t\t<p>Logistic<\/p><p>Direcci\u00f3n de Obra<\/p><p>El proyecto implement\u00f3 oficinas administrativas para una agencia de aduanas en el puerto del Callao con estilo industrial y redes expuestas. Incluy\u00f3 desmontaje, entubado el\u00e9ctrico y de comunicaciones, instalaci\u00f3n de aire acondicionado, divisiones de drywall y vidrio templado, acabados con microcemento y pintura latex, y coordinaci\u00f3n para mobiliario met\u00e1lico, de madera y m\u00f3dulos de trabajo.<\/p>\t\t\t\t\t\t\t\t<\/div>\n\t\t\t\t<div class=\"elementor-element elementor-element-3188e3ed elementor-widget elementor-widget-text-editor\" data-id=\"3188e3ed\" data-element_type=\"widget\" data-e-type=\"widget\" data-widget_type=\"text-editor.default\">\n\t\t\t\t\t\t\t\t\t<p><strong>Ubicaci\u00f3n:<\/strong> Callao, Callao &#8211; Per\u00fa<br \/><strong>\u00c1rea:<\/strong> 125 m2<br \/><strong>A\u00f1o:<\/strong> 2018<\/p>\t\t\t\t\t\t\t\t<\/div>\n\t\t\t\t<div class=\"elementor-element elementor-element-1592f28b elementor-widget elementor-widget-ucaddon_underline_link_hover_effect\" data-id=\"1592f28b\" data-element_type=\"widget\" data-e-type=\"widget\" data-widget_type=\"ucaddon_underline_link_hover_effect.default\">\n\t\t\t\t<div class=\"elementor-widget-container\">\n\t\t\t\t\t\n<!-- start Underline Link Hover Effect -->\n\t\t<link id='font-awesome-css' href='https:\/\/margen.pe\/wp-content\/plugins\/unlimited-elements-for-elementor-premium\/assets_libraries\/font-awesome6\/fontawesome-all.min.css' type='text\/css' rel='stylesheet' >\n\t\t<link id='font-awesome-4-shim-css' href='https:\/\/margen.pe\/wp-content\/plugins\/unlimited-elements-for-elementor-premium\/assets_libraries\/font-awesome6\/fontawesome-v4-shims.min.css' type='text\/css' rel='stylesheet' >\n\n<style>\/* widget: Underline Link Hover Effect *\/\n\n#uc_underline_link_hover_effect_elementor_1592f28b{\n  display:flex;\n} \n\n#uc_underline_link_hover_effect_elementor_1592f28b a.ue-link{\n  display:flex;\n  position:relative;\n  align-items:center;\n  justify-content:center;\n  text-decoration:none;\n}\n\n#uc_underline_link_hover_effect_elementor_1592f28b a.ue-link:after{\n  content: \"\";\n    width:100%;\n    position:absolute;\n  bottom:0px;\n    left:0px;\n    display: block;\n  transition:1000ms;\n}\n\n#uc_underline_link_hover_effect_elementor_1592f28b a:hover:after{\n    width:0%;\n  }\n\n#uc_underline_link_hover_effect_elementor_1592f28b .ue-link-hover-effect-spacing{\n  transition:1000ms;\n}\n\n#uc_underline_link_hover_effect_elementor_1592f28b .ue-link-hover-effect-text{\n  padding:10px 0px;\n  transition:1000ms;\n}\n\n#uc_underline_link_hover_effect_elementor_1592f28b .ue-link-hover-effect-icon{\n  line-height:1em;\n  transition:1000ms;\n}\n\n#uc_underline_link_hover_effect_elementor_1592f28b .ue-link-hover-effect-icon svg{\n  height:1em;\n  width:1em;\n}\n\n<\/style>\n\n<div id=\"uc_underline_link_hover_effect_elementor_1592f28b\" class=\"ue-link-wrap\">\n  <a class=\"ue-link\" href=\"https:\/\/margen.pe\/wordpress\/index.php\/proyectos\/\" >\n    <div class=\"ue-link-hover-effect-text\">Ver Proyectos<\/div>\n    <div class=\"ue-link-hover-effect-spacing\"><\/div>\n    <div class=\"ue-link-hover-effect-icon\"><i class='fas fa-arrow-right'><\/i><\/div>\n  <\/a>\n<\/div>\n<!-- end Underline Link Hover Effect -->\t\t\t\t<\/div>\n\t\t\t\t<\/div>\n\t\t\t\t\t<\/div>\n\t\t<\/div>\n\t\t\t\t<div class=\"elementor-column elementor-col-50 elementor-top-column elementor-element elementor-element-20db0705\" data-id=\"20db0705\" data-element_type=\"column\" data-e-type=\"column\">\n\t\t\t<div class=\"elementor-widget-wrap elementor-element-populated\">\n\t\t\t\t\t\t<div class=\"elementor-element elementor-element-68cd35f1 elementor-widget elementor-widget-ucaddon_uc_slider_image\" data-id=\"68cd35f1\" data-element_type=\"widget\" data-e-type=\"widget\" data-widget_type=\"ucaddon_uc_slider_image.default\">\n\t\t\t\t<div class=\"elementor-widget-container\">\n\t\t\t\t\t\n<!-- start Slider Gallery -->\n\t\t<link id='unitegallery-css' href='https:\/\/margen.pe\/wp-content\/plugins\/unlimited-elements-for-elementor-premium\/assets_libraries\/unitegallery\/css\/unite-gallery.css' type='text\/css' rel='stylesheet' >\n\n<style>\/* widget: Slider Gallery *\/\n\n#uc_uc_slider_image_elementor_68cd35f1{\n  overflow:hidden;\n}\n\n#uc_uc_slider_image_elementor_68cd35f1-wrapper{\n  min-height:1px;\n}\n\n\/* fancybox *\/\n\/* endfancybox *\/\n\n<\/style>\n\n<div id=\"uc_uc_slider_image_elementor_68cd35f1-wrapper\">\n<div id=\"uc_uc_slider_image_elementor_68cd35f1\" class=\"uc-items-wrapper  \" style=\"display:none; margin:0 auto;\"  data-remote-type=\"gallery\" data-custom-sethtml=\"true\" >\n\n\n<img decoding=\"async\" alt=\"Aduana1\"\n   src=\"https:\/\/margen.pe\/wp-content\/uploads\/2025\/11\/Aduana1-1024x683.jpg\"\n    data-image=\"https:\/\/margen.pe\/wp-content\/uploads\/2025\/11\/Aduana1-1024x683.jpg\"\n    data-title=\"Aduana1\">\n\n<img decoding=\"async\" alt=\"Aduana2\"\n   src=\"https:\/\/margen.pe\/wp-content\/uploads\/2025\/11\/Aduana2-1024x683.jpg\"\n    data-image=\"https:\/\/margen.pe\/wp-content\/uploads\/2025\/11\/Aduana2-1024x683.jpg\"\n    data-title=\"Aduana2\">\n\n<img decoding=\"async\" alt=\"Aduana3\"\n   src=\"https:\/\/margen.pe\/wp-content\/uploads\/2025\/11\/Aduana3-1024x683.jpg\"\n    data-image=\"https:\/\/margen.pe\/wp-content\/uploads\/2025\/11\/Aduana3-1024x683.jpg\"\n    data-title=\"Aduana3\">\n\n<img decoding=\"async\" alt=\"Aduana4\"\n   src=\"https:\/\/margen.pe\/wp-content\/uploads\/2025\/11\/Aduana4-1024x683.jpg\"\n    data-image=\"https:\/\/margen.pe\/wp-content\/uploads\/2025\/11\/Aduana4-1024x683.jpg\"\n    data-title=\"Aduana4\">\n\n<img decoding=\"async\" alt=\"Aduana5\"\n   src=\"https:\/\/margen.pe\/wp-content\/uploads\/2025\/11\/Aduana5-1024x683.jpg\"\n    data-image=\"https:\/\/margen.pe\/wp-content\/uploads\/2025\/11\/Aduana5-1024x683.jpg\"\n    data-title=\"Aduana5\">\n\n  \n<\/div>\n<\/div>\n<!-- end Slider Gallery -->\t\t\t\t<\/div>\n\t\t\t\t<\/div>\n\t\t\t\t\t<\/div>\n\t\t<\/div>\n\t\t\t\t\t<\/div>\n\t\t<\/section>\n\t\t\t\t<\/div>\n\t\t","protected":false},"excerpt":{"rendered":"<p>Agencia de Aduanas JG Logistic Direcci\u00f3n de Obra El proyecto implement\u00f3 oficinas administrativas para una agencia de aduanas en el [&hellip;]<\/p>\n","protected":false},"author":1,"featured_media":0,"parent":0,"menu_order":0,"comment_status":"closed","ping_status":"closed","template":"","meta":{"site-sidebar-layout":"no-sidebar","site-content-layout":"","ast-site-content-layout":"full-width-container","site-content-style":"default","site-sidebar-style":"default","ast-global-header-display":"","ast-banner-title-visibility":"","ast-main-header-display":"","ast-hfb-above-header-display":"","ast-hfb-below-header-display":"","ast-hfb-mobile-header-display":"","site-post-title":"disabled","ast-breadcrumbs-content":"","ast-featured-img":"disabled","footer-sml-layout":"","theme-transparent-header-meta":"","adv-header-id-meta":"","stick-header-meta":"","header-above-stick-meta":"","header-main-stick-meta":"","header-below-stick-meta":"","astra-migrate-meta-layouts":"default","ast-page-background-enabled":"default","ast-page-background-meta":{"desktop":{"background-color":"var(--ast-global-color-5)","background-image":"","background-repeat":"repeat","background-position":"center center","background-size":"auto","background-attachment":"scroll","background-type":"","background-media":"","overlay-type":"","overlay-color":"","overlay-opacity":"","overlay-gradient":""},"tablet":{"background-color":"","background-image":"","background-repeat":"repeat","background-position":"center center","background-size":"auto","background-attachment":"scroll","background-type":"","background-media":"","overlay-type":"","overlay-color":"","overlay-opacity":"","overlay-gradient":""},"mobile":{"background-color":"","background-image":"","background-repeat":"repeat","background-position":"center center","background-size":"auto","background-attachment":"scroll","background-type":"","background-media":"","overlay-type":"","overlay-color":"","overlay-opacity":"","overlay-gradient":""}},"ast-content-background-meta":{"desktop":{"background-color":"var(--ast-global-color-4)","background-image":"","background-repeat":"repeat","background-position":"center center","background-size":"auto","background-attachment":"scroll","background-type":"","background-media":"","overlay-type":"","overlay-color":"","overlay-opacity":"","overlay-gradient":""},"tablet":{"background-color":"var(--ast-global-color-4)","background-image":"","background-repeat":"repeat","background-position":"center center","background-size":"auto","background-attachment":"scroll","background-type":"","background-media":"","overlay-type":"","overlay-color":"","overlay-opacity":"","overlay-gradient":""},"mobile":{"background-color":"var(--ast-global-color-4)","background-image":"","background-repeat":"repeat","background-position":"center center","background-size":"auto","background-attachment":"scroll","background-type":"","background-media":"","overlay-type":"","overlay-color":"","overlay-opacity":"","overlay-gradient":""}},"footnotes":""},"class_list":["post-818","page","type-page","status-publish","hentry"],"_links":{"self":[{"href":"https:\/\/margen.pe\/index.php\/wp-json\/wp\/v2\/pages\/818","targetHints":{"allow":["GET"]}}],"collection":[{"href":"https:\/\/margen.pe\/index.php\/wp-json\/wp\/v2\/pages"}],"about":[{"href":"https:\/\/margen.pe\/index.php\/wp-json\/wp\/v2\/types\/page"}],"author":[{"embeddable":true,"href":"https:\/\/margen.pe\/index.php\/wp-json\/wp\/v2\/users\/1"}],"replies":[{"embeddable":true,"href":"https:\/\/margen.pe\/index.php\/wp-json\/wp\/v2\/comments?post=818"}],"version-history":[{"count":7,"href":"https:\/\/margen.pe\/index.php\/wp-json\/wp\/v2\/pages\/818\/revisions"}],"predecessor-version":[{"id":839,"href":"https:\/\/margen.pe\/index.php\/wp-json\/wp\/v2\/pages\/818\/revisions\/839"}],"wp:attachment":[{"href":"https:\/\/margen.pe\/index.php\/wp-json\/wp\/v2\/media?parent=818"}],"curies":[{"name":"wp","href":"https:\/\/api.w.org\/{rel}","templated":true}]}}