{"id":636,"date":"2025-10-24T10:21:51","date_gmt":"2025-10-24T10:21:51","guid":{"rendered":"https:\/\/margen.pe\/?page_id=636"},"modified":"2025-10-24T10:33:50","modified_gmt":"2025-10-24T10:33:50","slug":"departamento-kd","status":"publish","type":"page","link":"https:\/\/margen.pe\/index.php\/departamento-kd\/","title":{"rendered":"Departamento KD"},"content":{"rendered":"\t\t<div data-elementor-type=\"wp-page\" data-elementor-id=\"636\" class=\"elementor elementor-636\" data-elementor-post-type=\"page\">\n\t\t\t\t\t\t<section class=\"elementor-section elementor-top-section elementor-element elementor-element-3a09bd03 elementor-section-full_width elementor-section-stretched elementor-section-height-default elementor-section-height-default\" data-id=\"3a09bd03\" data-element_type=\"section\" data-e-type=\"section\" data-settings=\"{&quot;stretch_section&quot;:&quot;section-stretched&quot;}\">\n\t\t\t\t\t\t<div class=\"elementor-container elementor-column-gap-no\">\n\t\t\t\t\t<div class=\"elementor-column elementor-col-50 elementor-top-column elementor-element elementor-element-31c63af8 elementor-invisible\" data-id=\"31c63af8\" data-element_type=\"column\" data-e-type=\"column\" data-settings=\"{&quot;animation&quot;:&quot;fadeInLeft&quot;}\">\n\t\t\t<div class=\"elementor-widget-wrap elementor-element-populated\">\n\t\t\t\t\t\t<div class=\"elementor-element elementor-element-6050562e elementor-widget elementor-widget-heading\" data-id=\"6050562e\" data-element_type=\"widget\" data-e-type=\"widget\" data-widget_type=\"heading.default\">\n\t\t\t\t\t<h2 class=\"elementor-heading-title elementor-size-default\">Departamento KD<\/h2>\t\t\t\t<\/div>\n\t\t\t\t<div class=\"elementor-element elementor-element-49a917dd elementor-widget elementor-widget-text-editor\" data-id=\"49a917dd\" data-element_type=\"widget\" data-e-type=\"widget\" data-widget_type=\"text-editor.default\">\n\t\t\t\t\t\t\t\t\t<div class=\"page\" title=\"Page 14\"><div class=\"layoutArea\"><div class=\"column\"><p>Este proyecto combina sobriedad y elegancia con tonos beige y negro. Dormitorios con closets de vidrio e iluminacio\u0301n LED destacan por su modernidad y funcionalidad. Un tocador cuidadosamente disen\u0303ado aporta sofisticacio\u0301n, transformando cada espacio en un refugio de estilo y confort atemporal.<\/p><\/div><\/div><\/div>\t\t\t\t\t\t\t\t<\/div>\n\t\t\t\t<div class=\"elementor-element elementor-element-41c44752 elementor-widget elementor-widget-text-editor\" data-id=\"41c44752\" data-element_type=\"widget\" data-e-type=\"widget\" data-widget_type=\"text-editor.default\">\n\t\t\t\t\t\t\t\t\t<strong>Ubicaci\u00f3n:<\/strong> Jes\u00fas Mar\u00eda, Lima &#8211; Per\u00fa.<br>\n<strong>\u00c1rea:<\/strong> 66 m2.<br>\n<strong>A\u00f1o:<\/strong> 2023.\t\t\t\t\t\t\t\t<\/div>\n\t\t\t\t<div class=\"elementor-element elementor-element-63f43115 elementor-widget elementor-widget-ucaddon_underline_link_hover_effect\" data-id=\"63f43115\" data-element_type=\"widget\" data-e-type=\"widget\" data-widget_type=\"ucaddon_underline_link_hover_effect.default\">\n\t\t\t\t<div class=\"elementor-widget-container\">\n\t\t\t\t\t\n<!-- start Underline Link Hover Effect -->\n\t\t<link id='font-awesome-css' href='https:\/\/margen.pe\/wp-content\/plugins\/unlimited-elements-for-elementor-premium\/assets_libraries\/font-awesome6\/fontawesome-all.min.css' type='text\/css' rel='stylesheet' >\n\t\t<link id='font-awesome-4-shim-css' href='https:\/\/margen.pe\/wp-content\/plugins\/unlimited-elements-for-elementor-premium\/assets_libraries\/font-awesome6\/fontawesome-v4-shims.min.css' type='text\/css' rel='stylesheet' >\n\n<style>\/* widget: Underline Link Hover Effect *\/\n\n#uc_underline_link_hover_effect_elementor_63f43115{\n  display:flex;\n} \n\n#uc_underline_link_hover_effect_elementor_63f43115 a.ue-link{\n  display:flex;\n  position:relative;\n  align-items:center;\n  justify-content:center;\n  text-decoration:none;\n}\n\n#uc_underline_link_hover_effect_elementor_63f43115 a.ue-link:after{\n  content: \"\";\n    width:100%;\n    position:absolute;\n  bottom:0px;\n    left:0px;\n    display: block;\n  transition:1000ms;\n}\n\n#uc_underline_link_hover_effect_elementor_63f43115 a:hover:after{\n    width:0%;\n  }\n\n#uc_underline_link_hover_effect_elementor_63f43115 .ue-link-hover-effect-spacing{\n  transition:1000ms;\n}\n\n#uc_underline_link_hover_effect_elementor_63f43115 .ue-link-hover-effect-text{\n  padding:10px 0px;\n  transition:1000ms;\n}\n\n#uc_underline_link_hover_effect_elementor_63f43115 .ue-link-hover-effect-icon{\n  line-height:1em;\n  transition:1000ms;\n}\n\n#uc_underline_link_hover_effect_elementor_63f43115 .ue-link-hover-effect-icon svg{\n  height:1em;\n  width:1em;\n}\n\n<\/style>\n\n<div id=\"uc_underline_link_hover_effect_elementor_63f43115\" class=\"ue-link-wrap\">\n  <a class=\"ue-link\" href=\"https:\/\/margen.pe\/index.php\/proyectos\/\" >\n    <div class=\"ue-link-hover-effect-text\">Ver Proyectos<\/div>\n    <div class=\"ue-link-hover-effect-spacing\"><\/div>\n    <div class=\"ue-link-hover-effect-icon\"><i class='fas fa-arrow-right'><\/i><\/div>\n  <\/a>\n<\/div>\n<!-- end Underline Link Hover Effect -->\t\t\t\t<\/div>\n\t\t\t\t<\/div>\n\t\t\t\t\t<\/div>\n\t\t<\/div>\n\t\t\t\t<div class=\"elementor-column elementor-col-50 elementor-top-column elementor-element elementor-element-6fe981be\" data-id=\"6fe981be\" data-element_type=\"column\" data-e-type=\"column\">\n\t\t\t<div class=\"elementor-widget-wrap elementor-element-populated\">\n\t\t\t\t\t\t<div class=\"elementor-element elementor-element-f3fd50c elementor-widget elementor-widget-ucaddon_uc_slider_image\" data-id=\"f3fd50c\" data-element_type=\"widget\" data-e-type=\"widget\" data-widget_type=\"ucaddon_uc_slider_image.default\">\n\t\t\t\t<div class=\"elementor-widget-container\">\n\t\t\t\t\t\n<!-- start Slider Gallery -->\n\t\t<link id='unitegallery-css' href='https:\/\/margen.pe\/wp-content\/plugins\/unlimited-elements-for-elementor-premium\/assets_libraries\/unitegallery\/css\/unite-gallery.css' type='text\/css' rel='stylesheet' >\n\n<style>\/* widget: Slider Gallery *\/\n\n#uc_uc_slider_image_elementor_f3fd50c{\n  overflow:hidden;\n}\n\n#uc_uc_slider_image_elementor_f3fd50c-wrapper{\n  min-height:1px;\n}\n\n\/* fancybox *\/\n\/* endfancybox *\/\n\n<\/style>\n\n<div id=\"uc_uc_slider_image_elementor_f3fd50c-wrapper\">\n<div id=\"uc_uc_slider_image_elementor_f3fd50c\" class=\"uc-items-wrapper  \" style=\"display:none; margin:0 auto;\"  data-remote-type=\"gallery\" data-custom-sethtml=\"true\" >\n\n\n<img decoding=\"async\" alt=\"Departamento-KD1\"\n   src=\"https:\/\/margen.pe\/wp-content\/uploads\/2025\/10\/Departamento-KD1-1024x576.jpg\"\n    data-image=\"https:\/\/margen.pe\/wp-content\/uploads\/2025\/10\/Departamento-KD1-1024x576.jpg\"\n    data-title=\"Departamento-KD1\">\n\n<img decoding=\"async\" alt=\"Departamento-KD2\"\n   src=\"https:\/\/margen.pe\/wp-content\/uploads\/2025\/10\/Departamento-KD2-1024x576.jpg\"\n    data-image=\"https:\/\/margen.pe\/wp-content\/uploads\/2025\/10\/Departamento-KD2-1024x576.jpg\"\n    data-title=\"Departamento-KD2\">\n\n<img decoding=\"async\" alt=\"Departamento-KD3\"\n   src=\"https:\/\/margen.pe\/wp-content\/uploads\/2025\/10\/Departamento-KD3-1024x576.jpg\"\n    data-image=\"https:\/\/margen.pe\/wp-content\/uploads\/2025\/10\/Departamento-KD3-1024x576.jpg\"\n    data-title=\"Departamento-KD3\">\n\n<img decoding=\"async\" alt=\"Departamento-KD4\"\n   src=\"https:\/\/margen.pe\/wp-content\/uploads\/2025\/10\/Departamento-KD4-1024x1024.jpg\"\n    data-image=\"https:\/\/margen.pe\/wp-content\/uploads\/2025\/10\/Departamento-KD4-1024x1024.jpg\"\n    data-title=\"Departamento-KD4\">\n\n<img decoding=\"async\" alt=\"Departamento-KD5\"\n   src=\"https:\/\/margen.pe\/wp-content\/uploads\/2025\/10\/Departamento-KD5-1024x899.jpg\"\n    data-image=\"https:\/\/margen.pe\/wp-content\/uploads\/2025\/10\/Departamento-KD5-1024x899.jpg\"\n    data-title=\"Departamento-KD5\">\n\n  \n<\/div>\n<\/div>\n<!-- end Slider Gallery -->\t\t\t\t<\/div>\n\t\t\t\t<\/div>\n\t\t\t\t\t<\/div>\n\t\t<\/div>\n\t\t\t\t\t<\/div>\n\t\t<\/section>\n\t\t\t\t<\/div>\n\t\t","protected":false},"excerpt":{"rendered":"<p>Departamento KD Este proyecto combina sobriedad y elegancia con tonos beige y negro. Dormitorios con closets de vidrio e iluminacio\u0301n [&hellip;]<\/p>\n","protected":false},"author":1,"featured_media":0,"parent":0,"menu_order":0,"comment_status":"closed","ping_status":"closed","template":"","meta":{"site-sidebar-layout":"no-sidebar","site-content-layout":"","ast-site-content-layout":"full-width-container","site-content-style":"default","site-sidebar-style":"default","ast-global-header-display":"","ast-banner-title-visibility":"","ast-main-header-display":"","ast-hfb-above-header-display":"","ast-hfb-below-header-display":"","ast-hfb-mobile-header-display":"","site-post-title":"disabled","ast-breadcrumbs-content":"","ast-featured-img":"disabled","footer-sml-layout":"","theme-transparent-header-meta":"","adv-header-id-meta":"","stick-header-meta":"","header-above-stick-meta":"","header-main-stick-meta":"","header-below-stick-meta":"","astra-migrate-meta-layouts":"default","ast-page-background-enabled":"default","ast-page-background-meta":{"desktop":{"background-color":"var(--ast-global-color-5)","background-image":"","background-repeat":"repeat","background-position":"center center","background-size":"auto","background-attachment":"scroll","background-type":"","background-media":"","overlay-type":"","overlay-color":"","overlay-opacity":"","overlay-gradient":""},"tablet":{"background-color":"","background-image":"","background-repeat":"repeat","background-position":"center center","background-size":"auto","background-attachment":"scroll","background-type":"","background-media":"","overlay-type":"","overlay-color":"","overlay-opacity":"","overlay-gradient":""},"mobile":{"background-color":"","background-image":"","background-repeat":"repeat","background-position":"center center","background-size":"auto","background-attachment":"scroll","background-type":"","background-media":"","overlay-type":"","overlay-color":"","overlay-opacity":"","overlay-gradient":""}},"ast-content-background-meta":{"desktop":{"background-color":"var(--ast-global-color-4)","background-image":"","background-repeat":"repeat","background-position":"center center","background-size":"auto","background-attachment":"scroll","background-type":"","background-media":"","overlay-type":"","overlay-color":"","overlay-opacity":"","overlay-gradient":""},"tablet":{"background-color":"var(--ast-global-color-4)","background-image":"","background-repeat":"repeat","background-position":"center center","background-size":"auto","background-attachment":"scroll","background-type":"","background-media":"","overlay-type":"","overlay-color":"","overlay-opacity":"","overlay-gradient":""},"mobile":{"background-color":"var(--ast-global-color-4)","background-image":"","background-repeat":"repeat","background-position":"center center","background-size":"auto","background-attachment":"scroll","background-type":"","background-media":"","overlay-type":"","overlay-color":"","overlay-opacity":"","overlay-gradient":""}},"footnotes":""},"class_list":["post-636","page","type-page","status-publish","hentry"],"_links":{"self":[{"href":"https:\/\/margen.pe\/index.php\/wp-json\/wp\/v2\/pages\/636","targetHints":{"allow":["GET"]}}],"collection":[{"href":"https:\/\/margen.pe\/index.php\/wp-json\/wp\/v2\/pages"}],"about":[{"href":"https:\/\/margen.pe\/index.php\/wp-json\/wp\/v2\/types\/page"}],"author":[{"embeddable":true,"href":"https:\/\/margen.pe\/index.php\/wp-json\/wp\/v2\/users\/1"}],"replies":[{"embeddable":true,"href":"https:\/\/margen.pe\/index.php\/wp-json\/wp\/v2\/comments?post=636"}],"version-history":[{"count":13,"href":"https:\/\/margen.pe\/index.php\/wp-json\/wp\/v2\/pages\/636\/revisions"}],"predecessor-version":[{"id":655,"href":"https:\/\/margen.pe\/index.php\/wp-json\/wp\/v2\/pages\/636\/revisions\/655"}],"wp:attachment":[{"href":"https:\/\/margen.pe\/index.php\/wp-json\/wp\/v2\/media?parent=636"}],"curies":[{"name":"wp","href":"https:\/\/api.w.org\/{rel}","templated":true}]}}