{"id":43,"date":"2025-10-12T15:57:30","date_gmt":"2025-10-12T15:57:30","guid":{"rendered":"https:\/\/margen.pe\/wordpress\/?page_id=43"},"modified":"2025-10-16T20:43:36","modified_gmt":"2025-10-16T20:43:36","slug":"estudio","status":"publish","type":"page","link":"https:\/\/margen.pe\/index.php\/estudio\/","title":{"rendered":"ESTUDIO"},"content":{"rendered":"\t\t<div data-elementor-type=\"wp-page\" data-elementor-id=\"43\" class=\"elementor elementor-43\" data-elementor-post-type=\"page\">\n\t\t\t\t\t\t<section class=\"elementor-section elementor-top-section elementor-element elementor-element-79e17b9 elementor-section-full_width elementor-section-height-default elementor-section-height-default\" data-id=\"79e17b9\" data-element_type=\"section\" data-e-type=\"section\">\n\t\t\t\t\t\t<div class=\"elementor-container elementor-column-gap-default\">\n\t\t\t\t\t<div class=\"elementor-column elementor-col-50 elementor-top-column elementor-element elementor-element-8077c4e elementor-invisible\" data-id=\"8077c4e\" data-element_type=\"column\" data-e-type=\"column\" data-settings=\"{&quot;animation&quot;:&quot;fadeInLeft&quot;}\">\n\t\t\t<div class=\"elementor-widget-wrap elementor-element-populated\">\n\t\t\t\t\t\t<div class=\"elementor-element elementor-element-063f2a9 elementor-widget elementor-widget-text-editor\" data-id=\"063f2a9\" data-element_type=\"widget\" data-e-type=\"widget\" data-widget_type=\"text-editor.default\">\n\t\t\t\t\t\t\t\t\t<div class=\"page\" title=\"Page 3\"><div class=\"section\"><div class=\"layoutArea\"><div class=\"column\"><p>En Margen Arquitectura, creemos en la belleza de la simplicidad. Nos enfocamos en disen\u0303ar espacios que capturen la esencia de cada cliente, priorizando funcionalidad, sostenibilidad y este\u0301tica.<\/p><p>Nuestro compromiso es crear espacios que conecten con tus necesidades ma\u0301s profundas, devolviendo la arquitectura a lo esencial: armoni\u0301a, innovacio\u0301n y propo\u0301sito.<\/p><\/div><\/div><\/div><\/div>\t\t\t\t\t\t\t\t<\/div>\n\t\t\t\t\t<\/div>\n\t\t<\/div>\n\t\t\t\t<div class=\"elementor-column elementor-col-50 elementor-top-column elementor-element elementor-element-dea9729 elementor-invisible\" data-id=\"dea9729\" data-element_type=\"column\" data-e-type=\"column\" data-settings=\"{&quot;background_background&quot;:&quot;classic&quot;,&quot;animation&quot;:&quot;fadeInRight&quot;}\">\n\t\t\t<div class=\"elementor-widget-wrap elementor-element-populated\">\n\t\t\t\t\t\t<div class=\"elementor-element elementor-element-df1afce elementor-widget elementor-widget-spacer\" data-id=\"df1afce\" data-element_type=\"widget\" data-e-type=\"widget\" data-widget_type=\"spacer.default\">\n\t\t\t\t\t\t\t<div class=\"elementor-spacer\">\n\t\t\t<div class=\"elementor-spacer-inner\"><\/div>\n\t\t<\/div>\n\t\t\t\t\t\t<\/div>\n\t\t\t\t\t<\/div>\n\t\t<\/div>\n\t\t\t\t\t<\/div>\n\t\t<\/section>\n\t\t\t\t<section class=\"elementor-section elementor-top-section elementor-element elementor-element-58027f6 elementor-section-boxed elementor-section-height-default elementor-section-height-default\" data-id=\"58027f6\" data-element_type=\"section\" data-e-type=\"section\" data-settings=\"{&quot;background_background&quot;:&quot;classic&quot;}\">\n\t\t\t\t\t\t<div class=\"elementor-container elementor-column-gap-default\">\n\t\t\t\t\t<div class=\"elementor-column elementor-col-100 elementor-top-column elementor-element elementor-element-488d44e\" data-id=\"488d44e\" data-element_type=\"column\" data-e-type=\"column\">\n\t\t\t<div class=\"elementor-widget-wrap elementor-element-populated\">\n\t\t\t\t\t\t<section class=\"elementor-section elementor-inner-section elementor-element elementor-element-1eab457 elementor-section-boxed elementor-section-height-default elementor-section-height-default\" data-id=\"1eab457\" data-element_type=\"section\" data-e-type=\"section\">\n\t\t\t\t\t\t<div class=\"elementor-container elementor-column-gap-default\">\n\t\t\t\t\t<div class=\"elementor-column elementor-col-50 elementor-inner-column elementor-element elementor-element-9615b3a\" data-id=\"9615b3a\" data-element_type=\"column\" data-e-type=\"column\">\n\t\t\t<div class=\"elementor-widget-wrap elementor-element-populated\">\n\t\t\t\t\t\t<div class=\"elementor-element elementor-element-3e925ed elementor-invisible elementor-widget elementor-widget-image\" data-id=\"3e925ed\" data-element_type=\"widget\" data-e-type=\"widget\" data-settings=\"{&quot;_animation&quot;:&quot;fadeInUp&quot;}\" data-widget_type=\"image.default\">\n\t\t\t\t\t\t\t\t\t\t\t\t\t\t\t<img fetchpriority=\"high\" decoding=\"async\" width=\"672\" height=\"811\" src=\"https:\/\/margen.pe\/wp-content\/uploads\/2025\/10\/Fernando-Pachas2.jpg\" class=\"attachment-large size-large wp-image-446\" alt=\"\" srcset=\"https:\/\/margen.pe\/wp-content\/uploads\/2025\/10\/Fernando-Pachas2.jpg 672w, https:\/\/margen.pe\/wp-content\/uploads\/2025\/10\/Fernando-Pachas2-249x300.jpg 249w\" sizes=\"(max-width: 672px) 100vw, 672px\" \/>\t\t\t\t\t\t\t\t\t\t\t\t\t\t\t<\/div>\n\t\t\t\t\t<\/div>\n\t\t<\/div>\n\t\t\t\t<div class=\"elementor-column elementor-col-50 elementor-inner-column elementor-element elementor-element-e4dcf44 elementor-invisible\" data-id=\"e4dcf44\" data-element_type=\"column\" data-e-type=\"column\" data-settings=\"{&quot;animation&quot;:&quot;fadeInRight&quot;}\">\n\t\t\t<div class=\"elementor-widget-wrap elementor-element-populated\">\n\t\t\t\t\t\t<div class=\"elementor-element elementor-element-57b945e elementor-widget elementor-widget-heading\" data-id=\"57b945e\" data-element_type=\"widget\" data-e-type=\"widget\" data-widget_type=\"heading.default\">\n\t\t\t\t\t<h2 class=\"elementor-heading-title elementor-size-default\">Fernando Pachas<\/h2>\t\t\t\t<\/div>\n\t\t\t\t<div class=\"elementor-element elementor-element-8a081a6 elementor-widget elementor-widget-heading\" data-id=\"8a081a6\" data-element_type=\"widget\" data-e-type=\"widget\" data-widget_type=\"heading.default\">\n\t\t\t\t\t<h2 class=\"elementor-heading-title elementor-size-default\">Arquitecto Principal<\/h2>\t\t\t\t<\/div>\n\t\t\t\t<div class=\"elementor-element elementor-element-be04469 elementor-widget elementor-widget-text-editor\" data-id=\"be04469\" data-element_type=\"widget\" data-e-type=\"widget\" data-widget_type=\"text-editor.default\">\n\t\t\t\t\t\t\t\t\t<p>Arquitecto con m\u00e1s de 10 a\u00f1os de experiencia en proyectos residenciales y corporativos. Especializado en dise\u00f1o arquitect\u00f3nico, innovaci\u00f3n y gesti\u00f3n inmobiliaria. Combina una visi\u00f3n estrat\u00e9gica con enfoque t\u00e9cnico, liderando equipos multidisciplinarios y garantizando resultados funcionales, est\u00e9ticos y sostenibles en cada proyecto.<\/p>\t\t\t\t\t\t\t\t<\/div>\n\t\t\t\t<div class=\"elementor-element elementor-element-29d3a0e elementor-widget elementor-widget-heading\" data-id=\"29d3a0e\" data-element_type=\"widget\" data-e-type=\"widget\" data-widget_type=\"heading.default\">\n\t\t\t\t\t<h2 class=\"elementor-heading-title elementor-size-default\">Formaci\u00f3n Acad\u00e9mica<\/h2>\t\t\t\t<\/div>\n\t\t\t\t<div class=\"elementor-element elementor-element-392ffa9 elementor-widget elementor-widget-text-editor\" data-id=\"392ffa9\" data-element_type=\"widget\" data-e-type=\"widget\" data-widget_type=\"text-editor.default\">\n\t\t\t\t\t\t\t\t\t<p>M\u00e1ster en Arquitectura, Dise\u00f1o e Innovaci\u00f3n (MArch Valencia)<br \/>Universidad Europea de Valencia \u2013 Espa\u00f1a (2023 \u2013 2024)<\/p><p>Postgrado en Gesti\u00f3n de Proyectos Inmobiliarios<br \/>Universidad Peruana de Ciencias Aplicadas \u2013 Lima, Per\u00fa (2019 \u2013 2020)<\/p><p>Grado en Arquitectura<br \/>Universidad Peruana de Ciencias Aplicadas \u2013 Lima, Per\u00fa (2009 \u2013 2015)<\/p>\t\t\t\t\t\t\t\t<\/div>\n\t\t\t\t<div class=\"elementor-element elementor-element-52bcda7 elementor-widget elementor-widget-ucaddon_underline_link_hover_effect\" data-id=\"52bcda7\" data-element_type=\"widget\" data-e-type=\"widget\" data-widget_type=\"ucaddon_underline_link_hover_effect.default\">\n\t\t\t\t<div class=\"elementor-widget-container\">\n\t\t\t\t\t\n<!-- start Underline Link Hover Effect -->\n\t\t<link id='font-awesome-css' href='https:\/\/margen.pe\/wp-content\/plugins\/unlimited-elements-for-elementor-premium\/assets_libraries\/font-awesome6\/fontawesome-all.min.css' type='text\/css' rel='stylesheet' >\n\t\t<link id='font-awesome-4-shim-css' href='https:\/\/margen.pe\/wp-content\/plugins\/unlimited-elements-for-elementor-premium\/assets_libraries\/font-awesome6\/fontawesome-v4-shims.min.css' type='text\/css' rel='stylesheet' >\n\n<style>\/* widget: Underline Link Hover Effect *\/\n\n#uc_underline_link_hover_effect_elementor_52bcda7{\n  display:flex;\n} \n\n#uc_underline_link_hover_effect_elementor_52bcda7 a.ue-link{\n  display:flex;\n  position:relative;\n  align-items:center;\n  justify-content:center;\n  text-decoration:none;\n}\n\n#uc_underline_link_hover_effect_elementor_52bcda7 a.ue-link:after{\n  content: \"\";\n    width:100%;\n    position:absolute;\n  bottom:0px;\n    left:0px;\n    display: block;\n  transition:1000ms;\n}\n\n#uc_underline_link_hover_effect_elementor_52bcda7 a:hover:after{\n    width:0%;\n  }\n\n#uc_underline_link_hover_effect_elementor_52bcda7 .ue-link-hover-effect-spacing{\n  transition:1000ms;\n}\n\n#uc_underline_link_hover_effect_elementor_52bcda7 .ue-link-hover-effect-text{\n  padding:10px 0px;\n  transition:1000ms;\n}\n\n#uc_underline_link_hover_effect_elementor_52bcda7 .ue-link-hover-effect-icon{\n  line-height:1em;\n  transition:1000ms;\n}\n\n#uc_underline_link_hover_effect_elementor_52bcda7 .ue-link-hover-effect-icon svg{\n  height:1em;\n  width:1em;\n}\n\n<\/style>\n\n<div id=\"uc_underline_link_hover_effect_elementor_52bcda7\" class=\"ue-link-wrap\">\n  <a class=\"ue-link\" href=\"https:\/\/margen.pe\/index.php\/proyectos\/\" >\n    <div class=\"ue-link-hover-effect-text\">Ver Proyectos<\/div>\n    <div class=\"ue-link-hover-effect-spacing\"><\/div>\n    <div class=\"ue-link-hover-effect-icon\"><i class='fas fa-arrow-right'><\/i><\/div>\n  <\/a>\n<\/div>\n<!-- end Underline Link Hover Effect -->\t\t\t\t<\/div>\n\t\t\t\t<\/div>\n\t\t\t\t\t<\/div>\n\t\t<\/div>\n\t\t\t\t\t<\/div>\n\t\t<\/section>\n\t\t\t\t<div class=\"elementor-element elementor-element-04c54bf elementor-widget elementor-widget-ucaddon_underline_link_hover_effect\" data-id=\"04c54bf\" data-element_type=\"widget\" data-e-type=\"widget\" data-widget_type=\"ucaddon_underline_link_hover_effect.default\">\n\t\t\t\t<div class=\"elementor-widget-container\">\n\t\t\t\t\t\n<!-- start Underline Link Hover Effect -->\n\n<style>\/* widget: Underline Link Hover Effect *\/\n\n#uc_underline_link_hover_effect_elementor_04c54bf{\n  display:flex;\n} \n\n#uc_underline_link_hover_effect_elementor_04c54bf a.ue-link{\n  display:flex;\n  position:relative;\n  align-items:center;\n  justify-content:center;\n  text-decoration:none;\n}\n\n#uc_underline_link_hover_effect_elementor_04c54bf a.ue-link:after{\n  content: \"\";\n    width:100%;\n    position:absolute;\n  bottom:0px;\n    left:0px;\n    display: block;\n  transition:1000ms;\n}\n\n#uc_underline_link_hover_effect_elementor_04c54bf a:hover:after{\n    width:0%;\n  }\n\n#uc_underline_link_hover_effect_elementor_04c54bf .ue-link-hover-effect-spacing{\n  transition:1000ms;\n}\n\n#uc_underline_link_hover_effect_elementor_04c54bf .ue-link-hover-effect-text{\n  padding:10px 0px;\n  transition:1000ms;\n}\n\n#uc_underline_link_hover_effect_elementor_04c54bf .ue-link-hover-effect-icon{\n  line-height:1em;\n  transition:1000ms;\n}\n\n#uc_underline_link_hover_effect_elementor_04c54bf .ue-link-hover-effect-icon svg{\n  height:1em;\n  width:1em;\n}\n\n<\/style>\n\n<div id=\"uc_underline_link_hover_effect_elementor_04c54bf\" class=\"ue-link-wrap\">\n  <a class=\"ue-link\" href=\"#\" >\n    <div class=\"ue-link-hover-effect-text\">Choose Your Plan<\/div>\n    <div class=\"ue-link-hover-effect-spacing\"><\/div>\n    <div class=\"ue-link-hover-effect-icon\"><i class='fas fa-arrow-right'><\/i><\/div>\n  <\/a>\n<\/div>\n<!-- end Underline Link Hover Effect -->\t\t\t\t<\/div>\n\t\t\t\t<\/div>\n\t\t\t\t<div class=\"elementor-element elementor-element-85d8e76 elementor-widget elementor-widget-spacer\" data-id=\"85d8e76\" data-element_type=\"widget\" data-e-type=\"widget\" data-widget_type=\"spacer.default\">\n\t\t\t\t\t\t\t<div class=\"elementor-spacer\">\n\t\t\t<div class=\"elementor-spacer-inner\"><\/div>\n\t\t<\/div>\n\t\t\t\t\t\t<\/div>\n\t\t\t\t\t<\/div>\n\t\t<\/div>\n\t\t\t\t\t<\/div>\n\t\t<\/section>\n\t\t\t\t<section class=\"elementor-section elementor-top-section elementor-element elementor-element-b55aee8 elementor-section-full_width elementor-section-height-default elementor-section-height-default\" data-id=\"b55aee8\" data-element_type=\"section\" data-e-type=\"section\">\n\t\t\t\t\t\t<div class=\"elementor-container elementor-column-gap-default\">\n\t\t\t\t\t<div class=\"elementor-column elementor-col-100 elementor-top-column elementor-element elementor-element-199fcc7\" data-id=\"199fcc7\" data-element_type=\"column\" data-e-type=\"column\">\n\t\t\t<div class=\"elementor-widget-wrap elementor-element-populated\">\n\t\t\t\t\t\t<div class=\"elementor-element elementor-element-e149909 elementor-invisible elementor-widget elementor-widget-ucaddon_list_marquee\" data-id=\"e149909\" data-element_type=\"widget\" data-e-type=\"widget\" data-settings=\"{&quot;_animation&quot;:&quot;fadeInRight&quot;}\" data-widget_type=\"ucaddon_list_marquee.default\">\n\t\t\t\t<div class=\"elementor-widget-container\">\n\t\t\t\t\t\n<!-- start List Marquee -->\n\n<style>\/* widget: List Marquee *\/\n\n#uc_list_marquee_elementor_e149909 {\n  box-sizing: border-box;\n  display: flex;\n  align-items: center;\n  overflow: hidden;\n  direction:ltr;\n}\n\n#uc_list_marquee_elementor_e149909 .ue-marquee-content {\n  display: flex;\n  will-change: transform;\n  animation: marqueeuc_list_marquee_elementor_e149909 200s linear infinite running;\n  animation-delay: 250ms;\n  }\n\n\n#uc_list_marquee_elementor_e149909 .ue-marquee-tag {\n  width: auto;\n  display: flex;\n  align-items: center;\n  justify-content: center;\n  transition: all 0.2s ease;\n  white-space: nowrap;\n  direction:ltr;\n}\n\n#uc_list_marquee_elementor_e149909 .ue-marquee-tag a {\n  display: flex;\n  align-items: center;\n  justify-content: center;\n  white-space: nowrap;\n  -webkit-text-stroke: 0px #02010100;\n}\n#uc_list_marquee_elementor_e149909 .ue-marquee-graphic{\n  overflow:hidden;\n}\n#uc_list_marquee_elementor_e149909 .ue-marquee-tag-icon {\n  flex-grow: 0;   \n  flex-shrink: 0;\n  line-height:1em;\n}\n#uc_list_marquee_elementor_e149909 .ue-marquee-tag-image {\n  flex-grow: 0;   \n  flex-shrink: 0;\n  line-height:1em;\n}\n\n#uc_list_marquee_elementor_e149909 .ue_marq_text_wrap{\n  display:flex;\n  flex-direction: row;\n  align-items: center;\n  }\n\n@keyframes marqueeuc_list_marquee_elementor_e149909 {\n  0% {\n \t-webkit-transform: translateX(0);\n    transform: translateX(0);\n  }\n  100% {\n    -webkit-transform: translate(-50%);\n    transform: translate(-50%);\n  }\n}\n\n@keyframes marquee-reverseuc_list_marquee_elementor_e149909 {\n  0% {\n \t-webkit-transform: translateX(-50%);\n    transform: translateX(-50%);\n  }\n  100% {\n    -webkit-transform: translate(0%);\n    transform: translate(0%);\n  }\n}\n\n@keyframes marquee-upuc_list_marquee_elementor_e149909 {\n\tfrom {transform: translate(0, 25%)}\n\tto {transform: translate(0, -25%)}\n}\n\n@keyframes marquee-downuc_list_marquee_elementor_e149909 {\n\tfrom {transform: translate(0, -25%)}\n\tto {transform: translate(0, 25%)}\n}\n\n<\/style>\n\n<div class=\"ue-marquee \" id=\"uc_list_marquee_elementor_e149909\" >\n  <div class=\"ue-marquee-content uc-items-wrapper\">\n    <div class=\"ue-marquee-tag\">\n  <a href=\"#\" >\n          <div class=\"ue-marquee-tag-icon ue-marquee-graphic\"><i class=''><\/i><\/div>\n            \n    <div class=\"ue_marq_text_wrap\">\n      ARQUITECTURA\n          <\/div>\n    \n  <\/a>\n<\/div>\n<div class=\"ue-marquee-tag\">\n  <a href=\"#\" >\n          <div class=\"ue-marquee-tag-icon ue-marquee-graphic\"><i class=''><\/i><\/div>\n            \n    <div class=\"ue_marq_text_wrap\">\n      INTERIORES\n          <\/div>\n    \n  <\/a>\n<\/div>\n<div class=\"ue-marquee-tag\">\n  <a href=\"#\" >\n          <div class=\"ue-marquee-tag-icon ue-marquee-graphic\"><i class=''><\/i><\/div>\n            \n    <div class=\"ue_marq_text_wrap\">\n      MOBILIARIO\n          <\/div>\n    \n  <\/a>\n<\/div>\n\n  <\/div>\n<\/div>\n<!-- end List Marquee -->\t\t\t\t<\/div>\n\t\t\t\t<\/div>\n\t\t\t\t\t<\/div>\n\t\t<\/div>\n\t\t\t\t\t<\/div>\n\t\t<\/section>\n\t\t\t\t<\/div>\n\t\t","protected":false},"excerpt":{"rendered":"<p>En Margen Arquitectura, creemos en la belleza de la simplicidad. Nos enfocamos en disen\u0303ar espacios que capturen la esencia de [&hellip;]<\/p>\n","protected":false},"author":1,"featured_media":0,"parent":0,"menu_order":0,"comment_status":"closed","ping_status":"closed","template":"","meta":{"site-sidebar-layout":"no-sidebar","site-content-layout":"","ast-site-content-layout":"full-width-container","site-content-style":"default","site-sidebar-style":"default","ast-global-header-display":"","ast-banner-title-visibility":"","ast-main-header-display":"","ast-hfb-above-header-display":"","ast-hfb-below-header-display":"","ast-hfb-mobile-header-display":"","site-post-title":"disabled","ast-breadcrumbs-content":"","ast-featured-img":"disabled","footer-sml-layout":"","theme-transparent-header-meta":"","adv-header-id-meta":"","stick-header-meta":"","header-above-stick-meta":"","header-main-stick-meta":"","header-below-stick-meta":"","astra-migrate-meta-layouts":"default","ast-page-background-enabled":"default","ast-page-background-meta":{"desktop":{"background-color":"var(--ast-global-color-5)","background-image":"","background-repeat":"repeat","background-position":"center center","background-size":"auto","background-attachment":"scroll","background-type":"","background-media":"","overlay-type":"","overlay-color":"","overlay-opacity":"","overlay-gradient":""},"tablet":{"background-color":"","background-image":"","background-repeat":"repeat","background-position":"center center","background-size":"auto","background-attachment":"scroll","background-type":"","background-media":"","overlay-type":"","overlay-color":"","overlay-opacity":"","overlay-gradient":""},"mobile":{"background-color":"","background-image":"","background-repeat":"repeat","background-position":"center center","background-size":"auto","background-attachment":"scroll","background-type":"","background-media":"","overlay-type":"","overlay-color":"","overlay-opacity":"","overlay-gradient":""}},"ast-content-background-meta":{"desktop":{"background-color":"var(--ast-global-color-4)","background-image":"","background-repeat":"repeat","background-position":"center center","background-size":"auto","background-attachment":"scroll","background-type":"","background-media":"","overlay-type":"","overlay-color":"","overlay-opacity":"","overlay-gradient":""},"tablet":{"background-color":"var(--ast-global-color-4)","background-image":"","background-repeat":"repeat","background-position":"center center","background-size":"auto","background-attachment":"scroll","background-type":"","background-media":"","overlay-type":"","overlay-color":"","overlay-opacity":"","overlay-gradient":""},"mobile":{"background-color":"var(--ast-global-color-4)","background-image":"","background-repeat":"repeat","background-position":"center center","background-size":"auto","background-attachment":"scroll","background-type":"","background-media":"","overlay-type":"","overlay-color":"","overlay-opacity":"","overlay-gradient":""}},"footnotes":""},"class_list":["post-43","page","type-page","status-publish","hentry"],"_links":{"self":[{"href":"https:\/\/margen.pe\/index.php\/wp-json\/wp\/v2\/pages\/43","targetHints":{"allow":["GET"]}}],"collection":[{"href":"https:\/\/margen.pe\/index.php\/wp-json\/wp\/v2\/pages"}],"about":[{"href":"https:\/\/margen.pe\/index.php\/wp-json\/wp\/v2\/types\/page"}],"author":[{"embeddable":true,"href":"https:\/\/margen.pe\/index.php\/wp-json\/wp\/v2\/users\/1"}],"replies":[{"embeddable":true,"href":"https:\/\/margen.pe\/index.php\/wp-json\/wp\/v2\/comments?post=43"}],"version-history":[{"count":94,"href":"https:\/\/margen.pe\/index.php\/wp-json\/wp\/v2\/pages\/43\/revisions"}],"predecessor-version":[{"id":450,"href":"https:\/\/margen.pe\/index.php\/wp-json\/wp\/v2\/pages\/43\/revisions\/450"}],"wp:attachment":[{"href":"https:\/\/margen.pe\/index.php\/wp-json\/wp\/v2\/media?parent=43"}],"curies":[{"name":"wp","href":"https:\/\/api.w.org\/{rel}","templated":true}]}}